{"id":35,"date":"2024-03-13T12:48:11","date_gmt":"2024-03-13T11:48:11","guid":{"rendered":"https:\/\/rems-web.de\/australien2024\/?page_id=35"},"modified":"2024-04-16T12:43:00","modified_gmt":"2024-04-16T10:43:00","slug":"startseite","status":"publish","type":"page","link":"https:\/\/rems-web.de\/australien2024\/","title":{"rendered":"Startseite"},"content":{"rendered":"<p>&nbsp;<\/p>\n<p style=\"text-align: center;\"><strong><span style=\"font-family: 'comic sans ms', sans-serif; color: #339966;\">Ganz unten findet ihr jeweils einen Link zu unseren einzelnen Streckenabschnitten unserer Reise. Einfach draufklicken und ihr landet direkt beim richtigen Blogeintrag. Oder ihr klickt auf <span style=\"color: #ff0000;\"><a style=\"color: #ff0000;\" href=\"https:\/\/rems-web.de\/australien2024\/blog\/\" target=\"_blank\" rel=\"noopener\">Blog<\/a><\/span> und schaut euch dort unsere Eintr\u00e4ge an. Viel Vergn\u00fcgen!<br \/>\n**Neu:Die <span style=\"color: #ff0000;\"><a style=\"color: #ff0000;\" href=\"https:\/\/rems-web.de\/australien2024\/snap-galerie\/\" target=\"_blank\" rel=\"noopener\">SNAP<\/a><\/span> Galerie\u00a0<\/span><\/strong><\/p>\n<p style=\"text-align: center;\"><span style=\"font-family: 'Carrois Gothic'; font-size: 18px;\">Hallo zusammen,<\/span><br \/>\n<span style=\"font-family: 'Carrois Gothic'; font-size: 18px;\">nach 2014 mit Besuch von Darwin, einem drei Wochen Roadtrip im Norden und kurzem Abstecher nach Sydney und 2015 mit Melbourne, Roadtrip \u00fcber die<span style=\"color: #ff0000;\">\u00a0<a style=\"color: #ff0000;\" href=\"https:\/\/de.wikipedia.org\/wiki\/Great_Ocean_Road\" target=\"_blank\" rel=\"noopener\"><span class=\"hiddenSpellError\" style=\"background-color: rgba(235, 87, 87, 0.1); border-bottom: 2px solid #eb5757; padding: 2px 0px; cursor: pointer; font-style: normal; font-variant-ligatures: normal; font-variant-caps: normal; font-weight: 400; letter-spacing: normal; orphans: 2; text-align: start; text-indent: 0px; text-transform: none; white-space: normal; widows: 2; word-spacing: 0px; -webkit-text-stroke-width: 0px;\">Great<\/span>\u00a0<span class=\"hiddenSpellError\" style=\"background-color: rgba(235, 87, 87, 0.1); border-bottom: 2px solid #eb5757; padding: 2px 0px; cursor: pointer; font-style: normal; font-variant-ligatures: normal; font-variant-caps: normal; font-weight: 400; letter-spacing: normal; orphans: 2; text-align: start; text-indent: 0px; text-transform: none; white-space: normal; widows: 2; word-spacing: 0px; -webkit-text-stroke-width: 0px;\">Ocean<\/span>\u00a0<span class=\"hiddenSpellError\" style=\"background-color: rgba(235, 87, 87, 0.1); border-bottom: 2px solid #eb5757; padding: 2px 0px; cursor: pointer; font-style: normal; font-variant-ligatures: normal; font-variant-caps: normal; font-weight: 400; letter-spacing: normal; orphans: 2; text-align: start; text-indent: 0px; text-transform: none; white-space: normal; widows: 2; word-spacing: 0px; -webkit-text-stroke-width: 0px;\">Road<\/span><\/a> <\/span>bis r\u00fcber nach Adelaide geht es diesmal nach Perth. <\/span><span style=\"font-family: 'Carrois Gothic'; font-size: 18px;\">Diesmal besuchen wir, wie auch die beiden anderen Male davor auch unseren Schwager\/Bruder und Schw\u00e4gerin.<br \/>\n<span style=\"color: #0000ff;\"><em><span style=\"font-size: 16px;\"><strong>(Unseren Blog mit mehr Bildern k\u00f6nnt ihr oben mit einem klick auf <a style=\"color: #0000ff;\" href=\"https:\/\/rems-web.de\/australien2024\/blog\/\" target=\"_blank\" rel=\"noopener\"><span style=\"color: #ff0000;\">Blog<\/span><\/a> verfolgen<\/strong>)<\/span><\/em><\/span><br \/>\n<\/span><span style=\"font-family: 'Carrois Gothic'; font-size: 18px;\">Nachdem wir in Perth am Sonntag, 17.03.2024 um 23:55 Uhr ankommen werden, geht es am 18.03. gleich zur<span style=\"color: #ff0000;\"> <a style=\"color: #ff0000;\" href=\"https:\/\/www.nobirds.com.au\/\" target=\"_blank\" rel=\"noopener\">Autovermietung in Perth<\/a><\/span>, um unser Auto dort abzuholen, was wir f\u00fcr 21 Tage dort gemietet haben.<\/span><br \/>\n<span style=\"font-family: 'Carrois Gothic'; font-size: 18px;\">Am 19.<span class=\"hiddenGrammarError\">3<\/span>\u00a0brechen wir dann auf Richtung Norden nach\u00a0<span class=\"hiddenGrammarError\">&#8222;<\/span><a href=\"https:\/\/de.wikivoyage.org\/wiki\/Jurien_Bay\" target=\"_blank\" rel=\"noopener\"><span style=\"color: #ff0000;\">Jurien Bay<\/span><\/a><span class=\"hiddenGrammarError\">&#8222;<\/span>. Dort gibt es dann eine \u00dcbernachtung bevor es weiter Richtung Norden geht, und zwar nach<span style=\"color: #ff0000;\">\u00a0<span class=\"hiddenSpellError\" style=\"background-color: rgba(235, 87, 87, 0.1); border-bottom: 2px solid #eb5757; padding: 2px 0px; cursor: pointer; font-style: normal; font-variant-ligatures: normal; font-variant-caps: normal; font-weight: 400; letter-spacing: normal; orphans: 2; text-align: start; text-indent: 0px; text-transform: none; white-space: normal; widows: 2; word-spacing: 0px; -webkit-text-stroke-width: 0px;\">Geraldton<\/span><\/span>. Dort werden wir zwei N\u00e4chte bleiben und danach geht es wieder Richtung Perth. Nach einer \u00dcbernachtung bei der Verwandtschaft zieht es<br \/>\nuns dann mit den beiden nach <span style=\"color: #ff0000;\"><a style=\"color: #ff0000;\" href=\"https:\/\/www.reisebine.de\/erleben\/wa\/suedwesten\/margaret-river\" target=\"_blank\" rel=\"noopener\">Margaret River<\/a><\/span> f\u00fcr ein paar Tage. Von dort geht es dann weiter nach <span style=\"color: #ff0000;\"><a style=\"color: #ff0000;\" href=\"https:\/\/de.wikipedia.org\/wiki\/Albany_(Australien)\" target=\"_blank\" rel=\"noopener\">Albany<\/a><\/span> wo wir auch noch ein paar \u00dcbernachtungen gebucht haben. Von dort geht es dann zu zweit weiter nach <a href=\"https:\/\/de.wikivoyage.org\/wiki\/Bremer_Bay\" target=\"_blank\" rel=\"noopener\"><span style=\"color: #ff0000;\">Bremer Bay<\/span><\/a> und dann noch r\u00fcber nach <a href=\"https:\/\/de.wikipedia.org\/wiki\/Esperance\" target=\"_blank\" rel=\"noopener\"><span style=\"color: #ff0000;\">Esperance<\/span><\/a>. Dort bleiben wir dann noch 3 \u00dcbernachtungen bevor es dann \u00fcber <a href=\"https:\/\/de.wikipedia.org\/wiki\/Hyden\" target=\"_blank\" rel=\"noopener\"><span style=\"color: #ff0000;\">Hyden<\/span><\/a> und einer \u00dcbernachtung wieder zur\u00fcck nach Perth geht.<br \/>\nDort werden wir dann noch eine Woche bei der Verwandtschaft verweilen und Perth und die Insel <a href=\"https:\/\/de.wikipedia.org\/wiki\/Rottnest_Island\" target=\"_blank\" rel=\"noopener\"><span style=\"color: #ff0000;\">Rottnest Island<\/span><\/a> erkunden. Danach geht es dann am 14.04.2024 wieder \u00fcber Singapur nach M\u00fcnchen zur\u00fcck, wo wir dann wieder am 15.04. ankommen werden.<br \/>\n<\/span><\/p>\n<p style=\"text-align: center;\"><a href=\"https:\/\/rems-web.de\/australien2024\/erstereintrag\/\">1. Unsere Reise nach Perth 16. und 17.03.2024<\/a><br \/>\n<a href=\"https:\/\/rems-web.de\/australien2024\/ab-nach-perth-zur-autovermietung-18-03-2024\/\">2. Ab nach Perth zur Autovermietung 18.03.2024<\/a><br \/>\n<a href=\"https:\/\/rems-web.de\/australien2024\/von-perth-nach-jurien-bay-19-03-2024\/\">3. Von Perth nach Jurien Bay 19.03.2024<\/a><br \/>\n<a href=\"https:\/\/rems-web.de\/australien2024\/4-von-jurien-bay-nach-geraldton-20-03-2024\/\">4. Von Jurien Bay nach Geraldton 20.03.2024<\/a><br \/>\n<a href=\"https:\/\/rems-web.de\/australien2024\/5-kalbarri-national-park-21-03-2024\/\">5. Kalbarri National Park 21.03.2024<\/a><br \/>\n<a href=\"https:\/\/rems-web.de\/australien2024\/6-zurueck-nach-perth-22-03-2024\/\">6. Zur\u00fcck nach Perth 22.03.2024<\/a><br \/>\n<a href=\"https:\/\/rems-web.de\/australien2024\/7-perth-nach-margret-river-23-03-2024\/\">7. Perth nach Margret River 23.03.2024<\/a><br \/>\n<a href=\"https:\/\/rems-web.de\/australien2024\/8-margaret-river-zwischen-hoehlen-und-straenden\/\">8. Margaret River Zwischen H\u00f6hlen und Str\u00e4nden, 24.03.2024<\/a><br \/>\n<a href=\"https:\/\/rems-web.de\/australien2024\/9-margaret-river-hamelin-bay-und-labyrinth\/\" target=\"_blank\" rel=\"noopener\">9.Margaret River Hamelin Bay und Labyrinth 25.03.2024<\/a><br \/>\n<a href=\"https:\/\/rems-web.de\/australien2024\/10-hamlin-bay-jewel-cave-und-surfers-point\/\" target=\"_blank\" rel=\"noopener\">10. Hamlin Bay, Jewel Cave und Surfer\u2019s Point 26.03.2024<\/a><br \/>\n<a href=\"https:\/\/rems-web.de\/australien2024\/11-auf-dem-weg-nach-albany\/\" target=\"_blank\" rel=\"noopener\">11. Auf dem Weg nach Albany 27.03.2024<\/a><br \/>\n<a href=\"https:\/\/rems-web.de\/australien2024\/12-middelton-beach-und-anzac-museum\/\" target=\"_blank\" rel=\"noopener\">12. Middelton Beach und ANZAC Museum 28.03.2024<br \/>\n<\/a><a href=\"https:\/\/rems-web.de\/australien2024\/13-torndirrup-nationalpark-und-historische-walfangstation-albany\/\" target=\"_blank\" rel=\"noopener\">13. Torndirrup Nationalpark und historische Walfangstation Albany 29.03.2024<\/a><br \/>\n<a href=\"https:\/\/rems-web.de\/australien2024\/14-albany-und-wilson-brauerei-zwischenkilometerstand\/\" target=\"_blank\" rel=\"noopener\">14. Albany und Wilson Brauerei Zwischenkilometerstand 30.03.2024<\/a><br \/>\n<a href=\"https:\/\/rems-web.de\/australien2024\/15-fauler-ostersonntag-in-albany-31-03-2024\/\">15. Fauler Ostersonntag in Albany 31.03.2024<\/a><br \/>\n<a href=\"https:\/\/rems-web.de\/australien2024\/16-emu-point-und-bremer-bay-01-04-2024\/\" target=\"_blank\" rel=\"noopener\">16. Emu Point und Bremer Bay 01.04.2024<\/a><br \/>\n<a href=\"https:\/\/rems-web.de\/australien2024\/17-bremer-bay-nach-esperance-02-04-2024\/\" target=\"_blank\" rel=\"noopener\">17. Bremer Bay nach Esperance 02.04.2024<\/a><br \/>\n<a href=\"https:\/\/rems-web.de\/australien2024\/18-esperance-cape-le-grand-nationalpark-03-04-2024\/\" target=\"_blank\" rel=\"noopener\">18. Esperance Cape le Grand Nationalpark 03.04.2024<\/a><br \/>\n<a href=\"https:\/\/rems-web.de\/australien2024\/19-esperance-und-seine-straende-und-den-pink-lake-04-04-2024\/\" target=\"_blank\" rel=\"noopener\">19. Esperance und seine Str\u00e4nde und den Pink Lake 04.04.2024<\/a><br \/>\n<a href=\"https:\/\/rems-web.de\/australien2024\/20-esperance-nach-hyden-und-perth-05-04-2024-und-06-04-2024\/\" target=\"_blank\" rel=\"noopener\">20. Esperance nach Hyden und Perth 05.04.2024 und 06.04.2024\u00a0<\/a><br \/>\n<a href=\"https:\/\/rems-web.de\/australien2024\/21-swan-valley-07-04-2024\/\" target=\"_blank\" rel=\"noopener\">21. Swan Valley 07.04.2024\u00a0<\/a><br \/>\n<a href=\"https:\/\/rems-web.de\/australien2024\/22-perth-und-zoo-08-04-2024\/\" target=\"_blank\" rel=\"noopener\">22. Perth und Zoo 08.04.2024<\/a><br \/>\n<a href=\"https:\/\/rems-web.de\/australien2024\/23-perth-aquarium-scarborough-und-cottesloe-09-04-2024\/\" target=\"_blank\" rel=\"noopener\">23. Perth Aquarium, Scarborough und Cottesloe 09.04.2024<\/a><br \/>\n<a href=\"https:\/\/rems-web.de\/australien2024\/24-rottnest-island-10-04-2024\/\" target=\"_blank\" rel=\"noopener\">24. Rottnest Island 10.04.2024<\/a><br \/>\n<a href=\"https:\/\/rems-web.de\/australien2024\/25-optus-stadion-11-04-2024\/\" target=\"_blank\" rel=\"noopener\">25. Optus Stadion 11.04.2024<\/a><br \/>\n<a href=\"https:\/\/rems-web.de\/australien2024\/mobilfunk-was-hatten-wir\/\" target=\"_blank\" rel=\"noopener\">Mobilfunk \u2013 was hatten wir<\/a><br \/>\n<a href=\"https:\/\/rems-web.de\/australien2024\/26-golden-pipeline-12-04-2024\/\" target=\"_blank\" rel=\"noopener\">26. Golden Pipeline 12.04.2024<\/a><br \/>\n<a href=\"https:\/\/rems-web.de\/australien2024\/27-fremantle-13-04-2024\/\" target=\"_blank\" rel=\"noopener\">27. Fremantle 13.04.2024\u00a0<\/a><br \/>\n<a href=\"https:\/\/rems-web.de\/australien2024\/28-ab-nach-hause-14-04-2024-und-15-04-2024\/\" target=\"_blank\" rel=\"noopener\">28. Ab nach Hause 14.04.2024 und 15.04.2024<\/a><\/p>\n","protected":false},"excerpt":{"rendered":"<p>&nbsp; Ganz unten findet ihr jeweils einen Link zu unseren einzelnen Streckenabschnitten unserer Reise. Einfach draufklicken und ihr landet direkt beim richtigen Blogeintrag. Oder ihr klickt auf Blog und schaut euch dort unsere Eintr\u00e4ge an. Viel Vergn\u00fcgen! **Neu:Die SNAP Galerie\u00a0 Hallo zusammen, nach 2014 mit Besuch von Darwin, einem drei Wochen Roadtrip im Norden und &hellip; <a href=\"https:\/\/rems-web.de\/australien2024\/\" class=\"more-link\"><span class=\"screen-reader-text\">\u201eStartseite\u201c<\/span> weiterlesen<\/a><\/p>\n","protected":false},"author":1,"featured_media":0,"parent":0,"menu_order":0,"comment_status":"closed","ping_status":"closed","template":"","meta":{"footnotes":""},"class_list":["post-35","page","type-page","status-publish","hentry"],"_links":{"self":[{"href":"https:\/\/rems-web.de\/australien2024\/wp-json\/wp\/v2\/pages\/35","targetHints":{"allow":["GET"]}}],"collection":[{"href":"https:\/\/rems-web.de\/australien2024\/wp-json\/wp\/v2\/pages"}],"about":[{"href":"https:\/\/rems-web.de\/australien2024\/wp-json\/wp\/v2\/types\/page"}],"author":[{"embeddable":true,"href":"https:\/\/rems-web.de\/australien2024\/wp-json\/wp\/v2\/users\/1"}],"replies":[{"embeddable":true,"href":"https:\/\/rems-web.de\/australien2024\/wp-json\/wp\/v2\/comments?post=35"}],"version-history":[{"count":10,"href":"https:\/\/rems-web.de\/australien2024\/wp-json\/wp\/v2\/pages\/35\/revisions"}],"predecessor-version":[{"id":1337,"href":"https:\/\/rems-web.de\/australien2024\/wp-json\/wp\/v2\/pages\/35\/revisions\/1337"}],"wp:attachment":[{"href":"https:\/\/rems-web.de\/australien2024\/wp-json\/wp\/v2\/media?parent=35"}],"curies":[{"name":"wp","href":"https:\/\/api.w.org\/{rel}","templated":true}]}}